{"id":365,"date":"2023-09-05T22:38:12","date_gmt":"2023-09-05T22:38:12","guid":{"rendered":"https:\/\/www.vin.bg.ac.rs\/webiopatr\/2023\/?page_id=365"},"modified":"2025-08-05T13:26:51","modified_gmt":"2025-08-05T13:26:51","slug":"committees-webiopatr2023","status":"publish","type":"page","link":"https:\/\/www.vin.bg.ac.rs\/webiopatr\/2025\/services-2\/committees-webiopatr2023\/","title":{"rendered":"Committees"},"content":{"rendered":"\n<h2 class=\"wp-block-heading\">Conference Chairpersons<\/h2>\n\n\n\n<ul class=\"wp-block-list has-large-font-size\">\n<li class=\"has-medium-font-size\">Alena Barto\u0148ov\u00e1 NILU-The Climate and Environmental Research Institute, Kjeller, Norway<\/li>\n\n\n\n<li class=\"has-medium-font-size\">Milena Jova\u0161evi\u0107-Stojanovi\u0107 Vin\u010da Institute of Nuclear Sciences, University of Belgrade, Serbia<\/li>\n<\/ul>\n\n\n\n<h2 class=\"wp-block-heading\">Scientific Programme Committee<\/h2>\n\n\n\n<ul class=\"wp-block-list has-medium-font-size\">\n<li class=\"has-medium-font-size\">Aleksandar Jovovi\u0107 Faculty of Mechanical Engineering, University of Belgrade, Serbia<\/li>\n\n\n\n<li class=\"has-medium-font-size\">Alena Barto\u0148ov\u00e1 NILU-The Climate and Environmental Research Institute, Kjeller, Norway<\/li>\n\n\n\n<li class=\"has-medium-font-size\">Antonije Onjia Faculty of Technology and Metallurgy, University of Belgrade, Serbia<\/li>\n\n\n\n<li class=\"has-medium-font-size\">David Broday TCEEH, Technion-Israel Institute of Technology, Haifa, Israel<\/li>\n\n\n\n<li class=\"has-medium-font-size\">Dikaia Saraga National Centre for Scientific Research \u201cDemokritos\u201d, Institute of Nuclear &amp; Radiological Sciences &amp; Technology, Energy &amp; Safety, Athens, Greece<\/li>\n\n\n\n<li class=\"has-medium-font-size\">Gri\u0161a Mo\u010dnik Institute Jo\u017eef Stefan, Department of Condensed Matter Physics F5, Ljubljana, Slovenia<\/li>\n\n\n\n<li class=\"has-medium-font-size\">Ivan Gr\u017eeti\u0107 Faculty of Chemistry, University of Belgrade, Serbia<\/li>\n\n\n\n<li class=\"has-medium-font-size\">Mar\u00eda Cruz Minguill\u00f3n Institute of Environmental Assessment and Water Research-IDAEA, Barcelona, Spain<\/li>\n\n\n\n<li class=\"has-medium-font-size\">Milena Jova\u0161evi\u0107-Stojanovi\u0107 Vin\u010da Institute of Nuclear Sciences, University of Belgrade, Serbia<\/li>\n\n\n\n<li class=\"has-medium-font-size\">Milo\u0161 Davidovi\u0107 Vin\u010da Institute of Nuclear Sciences, University of Belgrade, Serbia<\/li>\n\n\n\n<li class=\"has-medium-font-size\">Saverio de Vito Italian National Agency for New Technologies, Energy and Sustainable Economic Development \u2013 ENEA, Italy<\/li>\n\n\n\n<li>Svetlana Stevanovi\u0107, DEAKIN Univeristy, Australia<\/li>\n\n\n\n<li class=\"has-medium-font-size\">Selahattin Incecik ITU Istanbul Technical University, Turkey<\/li>\n\n\n\n<li class=\"has-medium-font-size\">Simone Barreira Morais REQUIMTE-LAQV, Instituto Superior de Engenharia do Porto, Portugal<\/li>\n\n\n\n<li class=\"has-medium-font-size\">Zoran Miji\u0107 Institute of Physics, University of Belgrade, Serbia<\/li>\n\n\n\n<li class=\"has-medium-font-size\">Zoran Ristovski Queensland University of Technology, Brisbane, Australia<\/li>\n\n\n\n<li class=\"has-medium-font-size\">Zorana Jovanovi\u0107-Andersen Department of Public Health, University of Copenhagen, Denmark<\/li>\n\n\n\n<li class=\"has-medium-font-size\">Renata Kova\u010devi\u0107, Mining and Metallurgy Institute Bor, Bor, Serbia<\/li>\n<\/ul>\n\n\n\n<h2 class=\"wp-block-heading\">ORGANIZING COMMITTEE<\/h2>\n\n\n\n<ul class=\"wp-block-list\">\n<li class=\"has-medium-font-size\">Aleksandra Stankovi\u0107, Serbia<\/li>\n\n\n\n<li class=\"has-medium-font-size\">Alena Barto\u0148ov\u00e1, Norway<\/li>\n\n\n\n<li class=\"has-medium-font-size\">Andrej \u0160o\u0161tari\u0107, Serbia<\/li>\n\n\n\n<li class=\"has-medium-font-size\">Anka Cvetkovi\u0107, Serbia<\/li>\n\n\n\n<li class=\"has-medium-font-size\">Bojan Radovi\u0107, Serbia<\/li>\n\n\n\n<li class=\"has-medium-font-size\">Bojana Petrovi\u0107 (Secretary), Serbia<\/li>\n\n\n\n<li class=\"has-medium-font-size\">Branislava Mati\u0107, Serbia<\/li>\n\n\n\n<li class=\"has-medium-font-size\">Danka Stojanovi\u0107 (Secretary), Serbia<\/li>\n\n\n\n<li class=\"has-medium-font-size\">Du\u0161ka Kleut (Secretary), Serbia<\/li>\n\n\n\n<li class=\"has-medium-font-size\">\u017deljko \u0106irovi\u0107, Serbia<\/li>\n\n\n\n<li class=\"has-medium-font-size\">Ivan Lazovi\u0107, Serbia<\/li>\n\n\n\n<li class=\"has-medium-font-size\">Kristina Radusin, Serbia<\/li>\n\n\n\n<li class=\"has-medium-font-size\">Lidija Mari\u0107-Tanaskovi\u0107, Serbia<\/li>\n\n\n\n<li class=\"has-medium-font-size\">Marija \u017divkovi\u0107, Serbia<\/li>\n\n\n\n<li class=\"has-medium-font-size\">Maja Jovanovi\u0107, Serbia<\/li>\n\n\n\n<li class=\"has-medium-font-size\">Milena Jova\u0161evi\u0107-Stojanovi\u0107, Serbia<\/li>\n\n\n\n<li class=\"has-medium-font-size\">Milo\u0161 Davidovi\u0107, Serbia<\/li>\n\n\n\n<li class=\"has-medium-font-size\">Mira Ani\u010di\u0107 Uro\u0161evi\u0107, Serbia<\/li>\n\n\n\n<li class=\"has-medium-font-size\">Mirjana Peri\u0161i\u0107, Serbia<\/li>\n\n\n\n<li class=\"has-medium-font-size\">Uzahir Ramadani, Serbia<\/li>\n\n\n\n<li class=\"has-medium-font-size\">Vi\u0161a Tasi\u0107, Serbia<\/li>\n<\/ul>\n","protected":false},"excerpt":{"rendered":"<p>Conference Chairpersons Scientific Programme Committee ORGANIZING COMMITTEE<\/p>\n","protected":false},"author":1,"featured_media":0,"parent":1297,"menu_order":0,"comment_status":"closed","ping_status":"closed","template":"","meta":{"footnotes":""},"class_list":["post-365","page","type-page","status-publish","hentry"],"_links":{"self":[{"href":"https:\/\/www.vin.bg.ac.rs\/webiopatr\/2025\/wp-json\/wp\/v2\/pages\/365","targetHints":{"allow":["GET"]}}],"collection":[{"href":"https:\/\/www.vin.bg.ac.rs\/webiopatr\/2025\/wp-json\/wp\/v2\/pages"}],"about":[{"href":"https:\/\/www.vin.bg.ac.rs\/webiopatr\/2025\/wp-json\/wp\/v2\/types\/page"}],"author":[{"embeddable":true,"href":"https:\/\/www.vin.bg.ac.rs\/webiopatr\/2025\/wp-json\/wp\/v2\/users\/1"}],"replies":[{"embeddable":true,"href":"https:\/\/www.vin.bg.ac.rs\/webiopatr\/2025\/wp-json\/wp\/v2\/comments?post=365"}],"version-history":[{"count":6,"href":"https:\/\/www.vin.bg.ac.rs\/webiopatr\/2025\/wp-json\/wp\/v2\/pages\/365\/revisions"}],"predecessor-version":[{"id":1498,"href":"https:\/\/www.vin.bg.ac.rs\/webiopatr\/2025\/wp-json\/wp\/v2\/pages\/365\/revisions\/1498"}],"up":[{"embeddable":true,"href":"https:\/\/www.vin.bg.ac.rs\/webiopatr\/2025\/wp-json\/wp\/v2\/pages\/1297"}],"wp:attachment":[{"href":"https:\/\/www.vin.bg.ac.rs\/webiopatr\/2025\/wp-json\/wp\/v2\/media?parent=365"}],"curies":[{"name":"wp","href":"https:\/\/api.w.org\/{rel}","templated":true}]}}