{"id":365,"date":"2023-09-05T22:38:12","date_gmt":"2023-09-05T22:38:12","guid":{"rendered":"https:\/\/www.vin.bg.ac.rs\/webiopatr\/2023\/?page_id=365"},"modified":"2023-10-13T20:13:32","modified_gmt":"2023-10-13T20:13:32","slug":"committees-webiopatr2023","status":"publish","type":"page","link":"https:\/\/www.vin.bg.ac.rs\/webiopatr\/2023\/services\/committees-webiopatr2023\/","title":{"rendered":"Committees"},"content":{"rendered":"\n<h2 class=\"wp-block-heading\">Conference Chairpersons<\/h2>\n\n\n\n<ul class=\"has-large-font-size wp-block-list\">\n<li class=\"has-medium-font-size\">Alena Barto\u0148ov\u00e1 NILU-The Climate and Environmental Research Institute, Kjeller, Norway<\/li>\n\n\n\n<li class=\"has-medium-font-size\">Milena Jova\u0161evi\u0107-Stojanovi\u0107 Vin\u010da Institute of Nuclear Sciences, University of Belgrade, Serbia<\/li>\n<\/ul>\n\n\n\n<h2 class=\"wp-block-heading\">Scientific Programme Committee<\/h2>\n\n\n\n<ul class=\"has-medium-font-size wp-block-list\">\n<li class=\"has-medium-font-size\">Aleksandar Jovovi\u0107 Faculty of Mechanical Engineering, University of Belgrade, Serbia<\/li>\n\n\n\n<li class=\"has-medium-font-size\">Alena Barto\u0148ov\u00e1 NILU-The Climate and Environmental Research Institute, Kjeller, Norway<\/li>\n\n\n\n<li class=\"has-medium-font-size\">Antonije Onjia Faculty of Technology and Metallurgy, University of Belgrade, Serbia<\/li>\n\n\n\n<li class=\"has-medium-font-size\">David Broday TCEEH, Technion-Israel Institute of Technology, Haifa, Israel<\/li>\n\n\n\n<li class=\"has-medium-font-size\">Dikaia Saraga National Centre for Scientific Research \u201cDemokritos\u201d, Institute of Nuclear &amp; Radiological Sciences &amp; Technology, Energy &amp; Safety, Athens, Greece<\/li>\n\n\n\n<li class=\"has-medium-font-size\">Gri\u0161a Mo\u010dnik Institute Jo\u017eef Stefan, Department of Condensed Matter Physics F5, Ljubljana, Slovenia<\/li>\n\n\n\n<li class=\"has-medium-font-size\">Ivan Gr\u017eeti\u0107 Faculty of Chemistry, University of Belgrade, Serbia<\/li>\n\n\n\n<li class=\"has-medium-font-size\">Mar\u00eda Cruz Minguill\u00f3n Institute of Environmental Assessment and Water Research-IDAEA, Barcelona, Spain<\/li>\n\n\n\n<li class=\"has-medium-font-size\">Milena Jova\u0161evi\u0107-Stojanovi\u0107 Vin\u010da Institute of Nuclear Sciences, University of Belgrade, Serbia<\/li>\n\n\n\n<li class=\"has-medium-font-size\">Milo\u0161 Davidovi\u0107 Vin\u010da Institute of Nuclear Sciences, University of Belgrade, Serbia<\/li>\n\n\n\n<li class=\"has-medium-font-size\">Saverio de Vito Italian National Agency for New Technologies, Energy and Sustainable Economic Development \u2013 ENEA, Italy<\/li>\n\n\n\n<li class=\"has-medium-font-size\">Selahattin Incecik ITU Istanbul Technical University, Turkey<\/li>\n\n\n\n<li class=\"has-medium-font-size\">Slobodan Ni\u010dkovi\u0107 Republic Hydrometeorological Service of Serbia, Institute of Physics, University of Belgrade, Serbia<\/li>\n\n\n\n<li class=\"has-medium-font-size\">Simone Barreira Morais REQUIMTE-LAQV, Instituto Superior de Engenharia do Porto, Portugal<\/li>\n\n\n\n<li class=\"has-medium-font-size\">Zoran Miji\u0107 Institute of Physics, University of Belgrade, Serbia<\/li>\n\n\n\n<li class=\"has-medium-font-size\">Zoran Ristovski Queensland University of Technology, Brisbane, Australia<\/li>\n\n\n\n<li class=\"has-medium-font-size\">Zorana Jovanovi\u0107-Andersen Department of Public Health, University of Copenhagen, Denmark<\/li>\n\n\n\n<li class=\"has-medium-font-size\">Renata Kova\u010devi\u0107, Mining and Metallurgy Institute Bor, Bor, Serbia<\/li>\n<\/ul>\n\n\n\n<h2 class=\"wp-block-heading\">ORGANIZING COMMITTEE<\/h2>\n\n\n\n<ul class=\"wp-block-list\">\n<li class=\"has-medium-font-size\">Aleksandra Stankovi\u0107, Serbia<\/li>\n\n\n\n<li class=\"has-medium-font-size\">Alena Barto\u0148ov\u00e1, Norway<\/li>\n\n\n\n<li class=\"has-medium-font-size\">Andrej \u0160o\u0161tari\u0107, Serbia<\/li>\n\n\n\n<li class=\"has-medium-font-size\">Anka Cvetkovi\u0107, Serbia<\/li>\n\n\n\n<li class=\"has-medium-font-size\">Bojan Radovi\u0107, Serbia<\/li>\n\n\n\n<li class=\"has-medium-font-size\">Branislava Mati\u0107, Serbia<\/li>\n\n\n\n<li class=\"has-medium-font-size\">Lidija Mari\u0107-Tanaskovi\u0107, Serbia<\/li>\n\n\n\n<li class=\"has-medium-font-size\">Uzahir Ramadani (Secretary), Serbia<\/li>\n\n\n\n<li class=\"has-medium-font-size\">Ivan Lazovi\u0107, Serbia<\/li>\n\n\n\n<li class=\"has-medium-font-size\">Danka Stojanovi\u0107 (Secretary), Serbia<\/li>\n\n\n\n<li class=\"has-medium-font-size\">Du\u0161ka Kleut (Secretary), Serbia<\/li>\n\n\n\n<li class=\"has-medium-font-size\">Marija \u017divkovi\u0107, Serbia<\/li>\n\n\n\n<li class=\"has-medium-font-size\">Maja Jovanovi\u0107, Serbia<\/li>\n\n\n\n<li class=\"has-medium-font-size\">Milena Jova\u0161evi\u0107-Stojanovi\u0107, Serbia<\/li>\n\n\n\n<li class=\"has-medium-font-size\">Milo\u0161 Davidovi\u0107, Serbia<\/li>\n\n\n\n<li class=\"has-medium-font-size\">Mira Ani\u010di\u0107 Uro\u0161evi\u0107, Serbia<\/li>\n\n\n\n<li class=\"has-medium-font-size\">Mirjana Peri\u0161i\u0107, Serbia<\/li>\n\n\n\n<li class=\"has-medium-font-size\">Nenad \u017divkovi\u0107, Serbia<\/li>\n\n\n\n<li class=\"has-medium-font-size\">Tihomir Popovi\u0107, Serbia<\/li>\n\n\n\n<li class=\"has-medium-font-size\">Vesna Slep\u010devi\u0107, Serbia<\/li>\n<\/ul>\n","protected":false},"excerpt":{"rendered":"<p>Conference Chairpersons Scientific Programme Committee ORGANIZING COMMITTEE<\/p>\n","protected":false},"author":1,"featured_media":0,"parent":230,"menu_order":0,"comment_status":"closed","ping_status":"closed","template":"","meta":{"footnotes":""},"class_list":["post-365","page","type-page","status-publish","hentry"],"yoast_head":"<!-- This site is optimized with the Yoast SEO plugin v21.5 - https:\/\/yoast.com\/wordpress\/plugins\/seo\/ -->\n<title>Committees - WeBIOPATR 2023<\/title>\n<meta name=\"robots\" content=\"index, follow, max-snippet:-1, max-image-preview:large, max-video-preview:-1\" \/>\n<link rel=\"canonical\" href=\"https:\/\/www.vin.bg.ac.rs\/webiopatr\/2023\/services\/committees-webiopatr2023\/\" \/>\n<meta property=\"og:locale\" content=\"en_US\" \/>\n<meta property=\"og:type\" content=\"article\" \/>\n<meta property=\"og:title\" content=\"Committees - WeBIOPATR 2023\" \/>\n<meta property=\"og:description\" content=\"Conference Chairpersons Scientific Programme Committee ORGANIZING COMMITTEE\" \/>\n<meta property=\"og:url\" content=\"https:\/\/www.vin.bg.ac.rs\/webiopatr\/2023\/services\/committees-webiopatr2023\/\" \/>\n<meta property=\"og:site_name\" content=\"WeBIOPATR 2023\" \/>\n<meta property=\"article:modified_time\" content=\"2023-10-13T20:13:32+00:00\" \/>\n<meta property=\"og:image\" content=\"https:\/\/www.vin.bg.ac.rs\/webiopatr\/2023\/wp-content\/uploads\/2023\/09\/webiopatr.png\" \/>\n\t<meta property=\"og:image:width\" content=\"259\" \/>\n\t<meta property=\"og:image:height\" content=\"146\" \/>\n\t<meta property=\"og:image:type\" content=\"image\/png\" \/>\n<meta name=\"twitter:card\" content=\"summary_large_image\" \/>\n<meta name=\"twitter:label1\" content=\"Est. reading time\" \/>\n\t<meta name=\"twitter:data1\" content=\"2 minutes\" \/>\n<script type=\"application\/ld+json\" class=\"yoast-schema-graph\">{\"@context\":\"https:\/\/schema.org\",\"@graph\":[{\"@type\":\"WebPage\",\"@id\":\"https:\/\/www.vin.bg.ac.rs\/webiopatr\/2023\/services\/committees-webiopatr2023\/\",\"url\":\"https:\/\/www.vin.bg.ac.rs\/webiopatr\/2023\/services\/committees-webiopatr2023\/\",\"name\":\"Committees - WeBIOPATR 2023\",\"isPartOf\":{\"@id\":\"https:\/\/www.vin.bg.ac.rs\/webiopatr\/2023\/#website\"},\"datePublished\":\"2023-09-05T22:38:12+00:00\",\"dateModified\":\"2023-10-13T20:13:32+00:00\",\"breadcrumb\":{\"@id\":\"https:\/\/www.vin.bg.ac.rs\/webiopatr\/2023\/services\/committees-webiopatr2023\/#breadcrumb\"},\"inLanguage\":\"en-US\",\"potentialAction\":[{\"@type\":\"ReadAction\",\"target\":[\"https:\/\/www.vin.bg.ac.rs\/webiopatr\/2023\/services\/committees-webiopatr2023\/\"]}]},{\"@type\":\"BreadcrumbList\",\"@id\":\"https:\/\/www.vin.bg.ac.rs\/webiopatr\/2023\/services\/committees-webiopatr2023\/#breadcrumb\",\"itemListElement\":[{\"@type\":\"ListItem\",\"position\":1,\"name\":\"Home\",\"item\":\"https:\/\/www.vin.bg.ac.rs\/webiopatr\/2023\/\"},{\"@type\":\"ListItem\",\"position\":2,\"name\":\"Workshop\",\"item\":\"https:\/\/www.vin.bg.ac.rs\/webiopatr\/2023\/services\/\"},{\"@type\":\"ListItem\",\"position\":3,\"name\":\"Committees\"}]},{\"@type\":\"WebSite\",\"@id\":\"https:\/\/www.vin.bg.ac.rs\/webiopatr\/2023\/#website\",\"url\":\"https:\/\/www.vin.bg.ac.rs\/webiopatr\/2023\/\",\"name\":\"WeBIOPATR 2023\",\"description\":\"WeBIOPATR November 28th \u2013 December 1st, 2023.\",\"publisher\":{\"@id\":\"https:\/\/www.vin.bg.ac.rs\/webiopatr\/2023\/#organization\"},\"potentialAction\":[{\"@type\":\"SearchAction\",\"target\":{\"@type\":\"EntryPoint\",\"urlTemplate\":\"https:\/\/www.vin.bg.ac.rs\/webiopatr\/2023\/?s={search_term_string}\"},\"query-input\":\"required name=search_term_string\"}],\"inLanguage\":\"en-US\"},{\"@type\":\"Organization\",\"@id\":\"https:\/\/www.vin.bg.ac.rs\/webiopatr\/2023\/#organization\",\"name\":\"WEBIOPATR 2023, Vinca Institute of Nuclear Sciences\",\"alternateName\":\"NILU, ENEA\",\"url\":\"https:\/\/www.vin.bg.ac.rs\/webiopatr\/2023\/\",\"logo\":{\"@type\":\"ImageObject\",\"inLanguage\":\"en-US\",\"@id\":\"https:\/\/www.vin.bg.ac.rs\/webiopatr\/2023\/#\/schema\/logo\/image\/\",\"url\":\"https:\/\/www.vin.bg.ac.rs\/webiopatr\/2023\/wp-content\/uploads\/2023\/09\/cropped-webiopatr.png\",\"contentUrl\":\"https:\/\/www.vin.bg.ac.rs\/webiopatr\/2023\/wp-content\/uploads\/2023\/09\/cropped-webiopatr.png\",\"width\":253,\"height\":141,\"caption\":\"WEBIOPATR 2023, Vinca Institute of Nuclear Sciences\"},\"image\":{\"@id\":\"https:\/\/www.vin.bg.ac.rs\/webiopatr\/2023\/#\/schema\/logo\/image\/\"}}]}<\/script>\n<!-- \/ Yoast SEO plugin. -->","yoast_head_json":{"title":"Committees - WeBIOPATR 2023","robots":{"index":"index","follow":"follow","max-snippet":"max-snippet:-1","max-image-preview":"max-image-preview:large","max-video-preview":"max-video-preview:-1"},"canonical":"https:\/\/www.vin.bg.ac.rs\/webiopatr\/2023\/services\/committees-webiopatr2023\/","og_locale":"en_US","og_type":"article","og_title":"Committees - WeBIOPATR 2023","og_description":"Conference Chairpersons Scientific Programme Committee ORGANIZING COMMITTEE","og_url":"https:\/\/www.vin.bg.ac.rs\/webiopatr\/2023\/services\/committees-webiopatr2023\/","og_site_name":"WeBIOPATR 2023","article_modified_time":"2023-10-13T20:13:32+00:00","og_image":[{"width":259,"height":146,"url":"https:\/\/www.vin.bg.ac.rs\/webiopatr\/2023\/wp-content\/uploads\/2023\/09\/webiopatr.png","type":"image\/png"}],"twitter_card":"summary_large_image","twitter_misc":{"Est. reading time":"2 minutes"},"schema":{"@context":"https:\/\/schema.org","@graph":[{"@type":"WebPage","@id":"https:\/\/www.vin.bg.ac.rs\/webiopatr\/2023\/services\/committees-webiopatr2023\/","url":"https:\/\/www.vin.bg.ac.rs\/webiopatr\/2023\/services\/committees-webiopatr2023\/","name":"Committees - WeBIOPATR 2023","isPartOf":{"@id":"https:\/\/www.vin.bg.ac.rs\/webiopatr\/2023\/#website"},"datePublished":"2023-09-05T22:38:12+00:00","dateModified":"2023-10-13T20:13:32+00:00","breadcrumb":{"@id":"https:\/\/www.vin.bg.ac.rs\/webiopatr\/2023\/services\/committees-webiopatr2023\/#breadcrumb"},"inLanguage":"en-US","potentialAction":[{"@type":"ReadAction","target":["https:\/\/www.vin.bg.ac.rs\/webiopatr\/2023\/services\/committees-webiopatr2023\/"]}]},{"@type":"BreadcrumbList","@id":"https:\/\/www.vin.bg.ac.rs\/webiopatr\/2023\/services\/committees-webiopatr2023\/#breadcrumb","itemListElement":[{"@type":"ListItem","position":1,"name":"Home","item":"https:\/\/www.vin.bg.ac.rs\/webiopatr\/2023\/"},{"@type":"ListItem","position":2,"name":"Workshop","item":"https:\/\/www.vin.bg.ac.rs\/webiopatr\/2023\/services\/"},{"@type":"ListItem","position":3,"name":"Committees"}]},{"@type":"WebSite","@id":"https:\/\/www.vin.bg.ac.rs\/webiopatr\/2023\/#website","url":"https:\/\/www.vin.bg.ac.rs\/webiopatr\/2023\/","name":"WeBIOPATR 2023","description":"WeBIOPATR November 28th \u2013 December 1st, 2023.","publisher":{"@id":"https:\/\/www.vin.bg.ac.rs\/webiopatr\/2023\/#organization"},"potentialAction":[{"@type":"SearchAction","target":{"@type":"EntryPoint","urlTemplate":"https:\/\/www.vin.bg.ac.rs\/webiopatr\/2023\/?s={search_term_string}"},"query-input":"required name=search_term_string"}],"inLanguage":"en-US"},{"@type":"Organization","@id":"https:\/\/www.vin.bg.ac.rs\/webiopatr\/2023\/#organization","name":"WEBIOPATR 2023, Vinca Institute of Nuclear Sciences","alternateName":"NILU, ENEA","url":"https:\/\/www.vin.bg.ac.rs\/webiopatr\/2023\/","logo":{"@type":"ImageObject","inLanguage":"en-US","@id":"https:\/\/www.vin.bg.ac.rs\/webiopatr\/2023\/#\/schema\/logo\/image\/","url":"https:\/\/www.vin.bg.ac.rs\/webiopatr\/2023\/wp-content\/uploads\/2023\/09\/cropped-webiopatr.png","contentUrl":"https:\/\/www.vin.bg.ac.rs\/webiopatr\/2023\/wp-content\/uploads\/2023\/09\/cropped-webiopatr.png","width":253,"height":141,"caption":"WEBIOPATR 2023, Vinca Institute of Nuclear Sciences"},"image":{"@id":"https:\/\/www.vin.bg.ac.rs\/webiopatr\/2023\/#\/schema\/logo\/image\/"}}]}},"_links":{"self":[{"href":"https:\/\/www.vin.bg.ac.rs\/webiopatr\/2023\/wp-json\/wp\/v2\/pages\/365","targetHints":{"allow":["GET"]}}],"collection":[{"href":"https:\/\/www.vin.bg.ac.rs\/webiopatr\/2023\/wp-json\/wp\/v2\/pages"}],"about":[{"href":"https:\/\/www.vin.bg.ac.rs\/webiopatr\/2023\/wp-json\/wp\/v2\/types\/page"}],"author":[{"embeddable":true,"href":"https:\/\/www.vin.bg.ac.rs\/webiopatr\/2023\/wp-json\/wp\/v2\/users\/1"}],"replies":[{"embeddable":true,"href":"https:\/\/www.vin.bg.ac.rs\/webiopatr\/2023\/wp-json\/wp\/v2\/comments?post=365"}],"version-history":[{"count":24,"href":"https:\/\/www.vin.bg.ac.rs\/webiopatr\/2023\/wp-json\/wp\/v2\/pages\/365\/revisions"}],"predecessor-version":[{"id":667,"href":"https:\/\/www.vin.bg.ac.rs\/webiopatr\/2023\/wp-json\/wp\/v2\/pages\/365\/revisions\/667"}],"up":[{"embeddable":true,"href":"https:\/\/www.vin.bg.ac.rs\/webiopatr\/2023\/wp-json\/wp\/v2\/pages\/230"}],"wp:attachment":[{"href":"https:\/\/www.vin.bg.ac.rs\/webiopatr\/2023\/wp-json\/wp\/v2\/media?parent=365"}],"curies":[{"name":"wp","href":"https:\/\/api.w.org\/{rel}","templated":true}]}}