{"id":222,"date":"2020-08-23T05:04:22","date_gmt":"2020-08-23T05:04:22","guid":{"rendered":"https:\/\/bizbergthemes.com\/business-event\/?page_id=222"},"modified":"2023-10-13T20:06:13","modified_gmt":"2023-10-13T20:06:13","slug":"about-us-webiopatr2023","status":"publish","type":"page","link":"https:\/\/www.vin.bg.ac.rs\/webiopatr\/2023\/about-us-webiopatr2023\/","title":{"rendered":"About Us"},"content":{"rendered":"\n<div class=\"wp-block-columns are-vertically-aligned-center is-layout-flex wp-container-core-columns-is-layout-9d6595d7 wp-block-columns-is-layout-flex\">\n<div class=\"wp-block-column is-layout-flow wp-block-column-is-layout-flow\" style=\"flex-basis:40%\">\n<figure class=\"wp-block-image size-large is-style-default\"><img loading=\"lazy\" decoding=\"async\" width=\"1024\" height=\"683\" src=\"https:\/\/www.vin.bg.ac.rs\/webiopatr\/2023\/wp-content\/uploads\/2023\/09\/IMG_4802-1024x683.jpg\" alt=\"\" class=\"wp-image-247\" style=\"aspect-ratio:1;object-fit:cover\" srcset=\"https:\/\/www.vin.bg.ac.rs\/webiopatr\/2023\/wp-content\/uploads\/2023\/09\/IMG_4802-1024x683.jpg 1024w, https:\/\/www.vin.bg.ac.rs\/webiopatr\/2023\/wp-content\/uploads\/2023\/09\/IMG_4802-300x200.jpg 300w, https:\/\/www.vin.bg.ac.rs\/webiopatr\/2023\/wp-content\/uploads\/2023\/09\/IMG_4802-768x512.jpg 768w, https:\/\/www.vin.bg.ac.rs\/webiopatr\/2023\/wp-content\/uploads\/2023\/09\/IMG_4802-600x400.jpg 600w, https:\/\/www.vin.bg.ac.rs\/webiopatr\/2023\/wp-content\/uploads\/2023\/09\/IMG_4802.jpg 1200w\" sizes=\"auto, (max-width: 1024px) 100vw, 1024px\" \/><\/figure>\n<\/div>\n\n\n\n<div class=\"wp-block-column is-vertically-aligned-center is-layout-flow wp-block-column-is-layout-flow\" style=\"flex-basis:60%\">\n<p style=\"text-align: justify\">The International Workshop and Conference, Particulate Matter: Research and Management \u2013 WeBIOPATR is a biennial event held in Serbia since 2007. The conference addresses air quality in general and particulate matter specifically. Particulate matter, arising both from primary emissions and as a result of secondary formation in the atmosphere, is one of the least well understood local and regional air pollution issues, and at the same time, it is perhaps the one with the highest health relevance, and with many challenges in monitoring.<\/p>\n\n\n\n<p><p style=\"text-align: justify\">The 1<sup>st<\/sup> WeBIOPATR Workshop was held in Beograd, 20.-22. May 2007, associated with a project funded by the Research Council of Norway. The workshop was attended by more than 70 participants presenting 35 contributions, and received wide multi-media attention. This event has started the efforts to create a sustainable platform for knowledge exchange within the research community and between the research community and the responsible authorities (Ministry of Health, Ministry of Environment, and the Serbian Environmental Agency). Book of Extended Abstracts can be downloaded <a href=\"https:\/\/www.vin.bg.ac.rs\/webiopatr\/#Publications\">here<\/a>. Three extended contributions are published in CHEMICAL INDUSTRY &amp; CHEMICAL ENGINEERING QUARTERLY, <a href=\"http:\/\/www.ache.org.rs\/CICEQ\/2008\/no01.html\" target=\"_blank\" rel=\"noreferrer noopener\">Vol: 14, No 1 (2008)<\/a> and <a href=\"http:\/\/www.ache.org.rs\/CICEQ\/2008\/no03.html\" target=\"_blank\" rel=\"noreferrer noopener\">Vol: 14, No 3 (2008)<\/a>. Following the meeting on July 27<sup>th<\/sup>, Serbian National Broadcast presented a half-hour show \u201eAIR POLLUTION \u2013 AN INVISIBLE KILLER\u201c.<\/p><\/p>\n<\/div>\n<\/div>\n\n\n\n<p><p style=\"text-align: justify\">The 2<sup>nd<\/sup> WeBIOPATR workshop was held in Me\u0107avnik, Mokra Gora, Serbia, 28.8.-1.9. 2009. The 40 participants discussed air quality issues, research needs and management tools, and strategies currently used in Serbia. For the first time, the workshop included a section on health issues related to particulate matter. Proceedings are available <a href=\"https:\/\/www.nilu.no\/wp-content\/uploads\/dnn\/37-2009_aba.pdf\">here<\/a>. Selected extended contributions are published in CHEMICAL INDUSTRY &amp; CHEMICAL ENGINEERING QUARTERLY <a href=\"http:\/\/www.ache.org.rs\/CICEQ\/2010\/no03.html\" target=\"_blank\" rel=\"noreferrer noopener\">Vol: 16 No 3 (2010)<\/a> (IF 0.580).<\/p><\/p>\n\n\n\n<p><p style=\"text-align: justify\">The 3<sup>rd<\/sup> event, International WeBIOPATR Workshop and Conference, Particulate Matter Research and Management \u2013 WeBIOPATR2011, attracted yet wider international audience, and also included a dedicated PhD student workshop. Forty three presentations were given. The Book of Abstracts is available <a href=\"https:\/\/www.vin.bg.ac.rs\/webiopatr\/archive\/TheBookOfAbstracts.pdf\">here<\/a>. Selected extended contributions are published in CHEMICAL INDUSTRY &amp; CHEMICAL ENGINEERING QUARTERLY <a href=\"http:\/\/www.ache.org.rs\/CICEQ\/2012\/no04-II.html\" target=\"_blank\" rel=\"noreferrer noopener\">Vol 18, No 4\/II (2012)<\/a> (IF 0.533).<\/p><\/p>\n\n\n\n<p><p style=\"text-align: justify\">The 4<sup>th<\/sup> WeBIOPATR, WeBIOPATR2013 was held in Beograd 2.-4. October 2013. It covered the traditional PM research and management issues as well as topics that aim to encourage citizens to contribute to environmental governance. Ways to provide the citizens and authorities with a range of tools and services related to the environment including PMs, and developing participatory sensing methods and tools utilizing smaller and less expensive monitoring devices and advanced ITC technologies, were in focus. Proceedings are available <a href=\"https:\/\/www.vin.bg.ac.rs\/webiopatr\/archive\/WeBIOPATR2013_Proceedings.pdf\">here<\/a>. A number of contributions was again published in the CHEMICAL INDUSTRY &amp; CHEMICAL ENGINEERING QUARTERLY <a href=\"http:\/\/www.ache.org.rs\/CICEQ\/2015\/No1\/No1-II\/CICEQ_Vol21_%20No1_p141-227_Jan-Mar_2015.pdf\">Vol 21, No 1\/II<\/a> (IF 0.617). On March 24<sup>th<\/sup> 2014, the Serbian National Broadcast presented a half an hour TV show from the conference, as a part of the series &#8220;Svetski izazov: Kreiraj budu\u0107nost upoznaju\u0107i okru\u017eenje&#8221; (&#8220;World Challenge: Create the Future Knowing the Environment&#8221;).<\/p><\/p>\n\n\n\n<p><p style=\"text-align: justify\">The 5<sup>th<\/sup> WeBIOPATR, WeBIOPATR2015 workshop and conference was held in Belgrade 14. &#8211; 16. October, 2015, with 41 oral contributions and 18 posters. Own sessions were devoted to sensor technologies for air quality monitoring, utilizing information and input from the EU FP7 funded <a href=\"http:\/\/co.citisense.eu\" target=\"_blank\" rel=\"noreferrer noopener\">CITI-SENSE<\/a> and the EU COST action <a href=\"https:\/\/www.vin.bg.ac.rs\/webiopatr\/www.eunetair.it\" target=\"_blank\" rel=\"noreferrer noopener\">EuNetAir<\/a>. The proceedings are available <a href=\"https:\/\/www.vin.bg.ac.rs\/webiopatr\/archive\/WeBIOPATR2015_Proceedings.pdf\">here<\/a>.<\/p><\/p>\n\n\n\n<p><p style=\"text-align: justify\">The 6<sup>th<\/sup> WeBIOPATR, WeBIOPATR2017 workshop and conference was held in Belgrade 6. &#8211; 8. September 2017, with 36 oral contributions and 10 posters. Invited key note lectures were dedicated to real time technologies for measuring back carbon and reactive oxygen species, modelling and impacts of atmospheric mineral dust, and to assessment of policies and the WHO model for air pollution health effect assessment.<\/p><\/p>\n\n\n\n<p><p style=\"text-align: justify\">The 7<sup>th<\/sup> WeBIOPATR, WeBIOPATR2019 workshop and conference was held in Belgrade 1. &#8211; 3. October 2019. It has attracted a record 58 contributions, and brought together scientists from 12 countries, documenting that the issues of atmospheric pollution, with their wide implications for climate change, human health and ecosystem services, are no less important today. Invited key note lectures were dedicated to real-time reactive oxygen species field evaluations and measurements, ultrafine particles levels in outdoor and indoor environment, practical challenges of particulate matter mobile monitoring, particulate matter modeling on varous scales from urban areas to human airways deposition and current knowledge and policies on health effects of air quality. The Abstracts of Keynote Invited Lectures and Contributed Papers are available at <a href=\"https:\/\/www.vin.bg.ac.rs\/webiopatr\/#Publications\" target=\"_blank\" rel=\"noreferrer noopener\">WeBIOPATR publications<\/a>.<\/p><\/p>\n\n\n\n<p><p style=\"text-align: justify\">The 8<sup>th<\/sup> WeBIOPATR, WeBIOPATR2021 workshop and conference was held in Belgrade 28<sup>st <\/sup>&nbsp;November to 1<sup>st<\/sup> Decembar &nbsp;2021. , with 41 oral contributions and 17 posters. The 8<sup>th<\/sup> WeBIOPATR was for the first time organized as a hybrid event, in-person and on-line. The Abstats of Keynote invited Lecture and Contributed Papers are available at WeBIOPAR publications. Selected extended contributions were published in THERMAL SCIENCE journal, vol 27, issue 3B. &nbsp;We are very grateful to our unrelenting national and international partners for their financial and scientific support for this event. In addition, WeBIOPATR2021, is supported by the VIDIS project, https:\/\/vidis-project.org\/, funded by the EC H2020 Framework Programme for Research and Innovation, area \u201cSpreading excellence and widening participation\u201d. VIDIS (2020-2023) is coordinated by Vinca Institute, Grant agreement number 952433<\/p><\/p>\n\n\n\n<p><p style=\"text-align: justify\">We have pleasure now to welcome to the &nbsp;9<sup>th<\/sup> conference. We are excited to welcome old friends and new acquainttances and we are pleased that an increasing number of our collegues from region are able to support with their contributions and in-person presence, althrought it WeBIOPATR2023 will be hybrid conference. We are hoping that your support will extend to the future, as the problems we facerequire a strong scientific community and commitment al all social actors. We are very grateful also for your unrelenting national and international sponsors for their vital support.<\/p><\/p>\n\n\n\n<p>Milena Jova\u0161evi\u0107-Stojanovi\u0107 and Alena Barto\u0148ov\u00e1<\/p>\n","protected":false},"excerpt":{"rendered":"<p>The International Workshop and Conference, Particulate Matter: Research and Management \u2013 WeBIOPATR is a biennial event held in Serbia since 2007. The conference addresses air quality in general and particulate matter specifically. Particulate matter, arising both from primary emissions and as a result of secondary formation in the atmosphere, is one of the least well understood local and regional air&#8230;<\/p>\n","protected":false},"author":1,"featured_media":0,"parent":0,"menu_order":0,"comment_status":"closed","ping_status":"closed","template":"","meta":{"footnotes":""},"class_list":["post-222","page","type-page","status-publish","hentry"],"yoast_head":"<!-- This site is optimized with the Yoast SEO plugin v21.5 - https:\/\/yoast.com\/wordpress\/plugins\/seo\/ -->\n<title>About Us - WeBIOPATR 2023<\/title>\n<meta name=\"description\" content=\"WeBIOPATR Workshop was held in Beograd, 20.-22. May 2007, associated with a project funded by the Research Council of Norway. The workshop was attended by more than 70 participants presenting 35 contributions, and received wide multi-media attention.\" \/>\n<meta name=\"robots\" content=\"index, follow, max-snippet:-1, max-image-preview:large, max-video-preview:-1\" \/>\n<link rel=\"canonical\" href=\"https:\/\/www.vin.bg.ac.rs\/webiopatr\/2023\/about-us-webiopatr2023\/\" \/>\n<meta property=\"og:locale\" content=\"en_US\" \/>\n<meta property=\"og:type\" content=\"article\" \/>\n<meta property=\"og:title\" content=\"About Us - WeBIOPATR 2023\" \/>\n<meta property=\"og:description\" content=\"WeBIOPATR Workshop was held in Beograd, 20.-22. May 2007, associated with a project funded by the Research Council of Norway. The workshop was attended by more than 70 participants presenting 35 contributions, and received wide multi-media attention.\" \/>\n<meta property=\"og:url\" content=\"https:\/\/www.vin.bg.ac.rs\/webiopatr\/2023\/about-us-webiopatr2023\/\" \/>\n<meta property=\"og:site_name\" content=\"WeBIOPATR 2023\" \/>\n<meta property=\"article:modified_time\" content=\"2023-10-13T20:06:13+00:00\" \/>\n<meta property=\"og:image\" content=\"https:\/\/www.vin.bg.ac.rs\/webiopatr\/2023\/wp-content\/uploads\/2023\/09\/IMG_4802-1024x683.jpg\" \/>\n<meta name=\"twitter:card\" content=\"summary_large_image\" \/>\n<meta name=\"twitter:label1\" content=\"Est. reading time\" \/>\n\t<meta name=\"twitter:data1\" content=\"5 minutes\" \/>\n<script type=\"application\/ld+json\" class=\"yoast-schema-graph\">{\"@context\":\"https:\/\/schema.org\",\"@graph\":[{\"@type\":\"WebPage\",\"@id\":\"https:\/\/www.vin.bg.ac.rs\/webiopatr\/2023\/about-us-webiopatr2023\/\",\"url\":\"https:\/\/www.vin.bg.ac.rs\/webiopatr\/2023\/about-us-webiopatr2023\/\",\"name\":\"About Us - WeBIOPATR 2023\",\"isPartOf\":{\"@id\":\"https:\/\/www.vin.bg.ac.rs\/webiopatr\/2023\/#website\"},\"datePublished\":\"2020-08-23T05:04:22+00:00\",\"dateModified\":\"2023-10-13T20:06:13+00:00\",\"description\":\"WeBIOPATR Workshop was held in Beograd, 20.-22. May 2007, associated with a project funded by the Research Council of Norway. The workshop was attended by more than 70 participants presenting 35 contributions, and received wide multi-media attention.\",\"breadcrumb\":{\"@id\":\"https:\/\/www.vin.bg.ac.rs\/webiopatr\/2023\/about-us-webiopatr2023\/#breadcrumb\"},\"inLanguage\":\"en-US\",\"potentialAction\":[{\"@type\":\"ReadAction\",\"target\":[\"https:\/\/www.vin.bg.ac.rs\/webiopatr\/2023\/about-us-webiopatr2023\/\"]}]},{\"@type\":\"BreadcrumbList\",\"@id\":\"https:\/\/www.vin.bg.ac.rs\/webiopatr\/2023\/about-us-webiopatr2023\/#breadcrumb\",\"itemListElement\":[{\"@type\":\"ListItem\",\"position\":1,\"name\":\"Home\",\"item\":\"https:\/\/www.vin.bg.ac.rs\/webiopatr\/2023\/\"},{\"@type\":\"ListItem\",\"position\":2,\"name\":\"About Us\"}]},{\"@type\":\"WebSite\",\"@id\":\"https:\/\/www.vin.bg.ac.rs\/webiopatr\/2023\/#website\",\"url\":\"https:\/\/www.vin.bg.ac.rs\/webiopatr\/2023\/\",\"name\":\"WeBIOPATR 2023\",\"description\":\"WeBIOPATR November 28th \u2013 December 1st, 2023.\",\"publisher\":{\"@id\":\"https:\/\/www.vin.bg.ac.rs\/webiopatr\/2023\/#organization\"},\"potentialAction\":[{\"@type\":\"SearchAction\",\"target\":{\"@type\":\"EntryPoint\",\"urlTemplate\":\"https:\/\/www.vin.bg.ac.rs\/webiopatr\/2023\/?s={search_term_string}\"},\"query-input\":\"required name=search_term_string\"}],\"inLanguage\":\"en-US\"},{\"@type\":\"Organization\",\"@id\":\"https:\/\/www.vin.bg.ac.rs\/webiopatr\/2023\/#organization\",\"name\":\"WEBIOPATR 2023, Vinca Institute of Nuclear Sciences\",\"alternateName\":\"NILU, ENEA\",\"url\":\"https:\/\/www.vin.bg.ac.rs\/webiopatr\/2023\/\",\"logo\":{\"@type\":\"ImageObject\",\"inLanguage\":\"en-US\",\"@id\":\"https:\/\/www.vin.bg.ac.rs\/webiopatr\/2023\/#\/schema\/logo\/image\/\",\"url\":\"https:\/\/www.vin.bg.ac.rs\/webiopatr\/2023\/wp-content\/uploads\/2023\/09\/cropped-webiopatr.png\",\"contentUrl\":\"https:\/\/www.vin.bg.ac.rs\/webiopatr\/2023\/wp-content\/uploads\/2023\/09\/cropped-webiopatr.png\",\"width\":253,\"height\":141,\"caption\":\"WEBIOPATR 2023, Vinca Institute of Nuclear Sciences\"},\"image\":{\"@id\":\"https:\/\/www.vin.bg.ac.rs\/webiopatr\/2023\/#\/schema\/logo\/image\/\"}}]}<\/script>\n<!-- \/ Yoast SEO plugin. -->","yoast_head_json":{"title":"About Us - WeBIOPATR 2023","description":"WeBIOPATR Workshop was held in Beograd, 20.-22. May 2007, associated with a project funded by the Research Council of Norway. The workshop was attended by more than 70 participants presenting 35 contributions, and received wide multi-media attention.","robots":{"index":"index","follow":"follow","max-snippet":"max-snippet:-1","max-image-preview":"max-image-preview:large","max-video-preview":"max-video-preview:-1"},"canonical":"https:\/\/www.vin.bg.ac.rs\/webiopatr\/2023\/about-us-webiopatr2023\/","og_locale":"en_US","og_type":"article","og_title":"About Us - WeBIOPATR 2023","og_description":"WeBIOPATR Workshop was held in Beograd, 20.-22. May 2007, associated with a project funded by the Research Council of Norway. The workshop was attended by more than 70 participants presenting 35 contributions, and received wide multi-media attention.","og_url":"https:\/\/www.vin.bg.ac.rs\/webiopatr\/2023\/about-us-webiopatr2023\/","og_site_name":"WeBIOPATR 2023","article_modified_time":"2023-10-13T20:06:13+00:00","og_image":[{"url":"https:\/\/www.vin.bg.ac.rs\/webiopatr\/2023\/wp-content\/uploads\/2023\/09\/IMG_4802-1024x683.jpg"}],"twitter_card":"summary_large_image","twitter_misc":{"Est. reading time":"5 minutes"},"schema":{"@context":"https:\/\/schema.org","@graph":[{"@type":"WebPage","@id":"https:\/\/www.vin.bg.ac.rs\/webiopatr\/2023\/about-us-webiopatr2023\/","url":"https:\/\/www.vin.bg.ac.rs\/webiopatr\/2023\/about-us-webiopatr2023\/","name":"About Us - WeBIOPATR 2023","isPartOf":{"@id":"https:\/\/www.vin.bg.ac.rs\/webiopatr\/2023\/#website"},"datePublished":"2020-08-23T05:04:22+00:00","dateModified":"2023-10-13T20:06:13+00:00","description":"WeBIOPATR Workshop was held in Beograd, 20.-22. May 2007, associated with a project funded by the Research Council of Norway. The workshop was attended by more than 70 participants presenting 35 contributions, and received wide multi-media attention.","breadcrumb":{"@id":"https:\/\/www.vin.bg.ac.rs\/webiopatr\/2023\/about-us-webiopatr2023\/#breadcrumb"},"inLanguage":"en-US","potentialAction":[{"@type":"ReadAction","target":["https:\/\/www.vin.bg.ac.rs\/webiopatr\/2023\/about-us-webiopatr2023\/"]}]},{"@type":"BreadcrumbList","@id":"https:\/\/www.vin.bg.ac.rs\/webiopatr\/2023\/about-us-webiopatr2023\/#breadcrumb","itemListElement":[{"@type":"ListItem","position":1,"name":"Home","item":"https:\/\/www.vin.bg.ac.rs\/webiopatr\/2023\/"},{"@type":"ListItem","position":2,"name":"About Us"}]},{"@type":"WebSite","@id":"https:\/\/www.vin.bg.ac.rs\/webiopatr\/2023\/#website","url":"https:\/\/www.vin.bg.ac.rs\/webiopatr\/2023\/","name":"WeBIOPATR 2023","description":"WeBIOPATR November 28th \u2013 December 1st, 2023.","publisher":{"@id":"https:\/\/www.vin.bg.ac.rs\/webiopatr\/2023\/#organization"},"potentialAction":[{"@type":"SearchAction","target":{"@type":"EntryPoint","urlTemplate":"https:\/\/www.vin.bg.ac.rs\/webiopatr\/2023\/?s={search_term_string}"},"query-input":"required name=search_term_string"}],"inLanguage":"en-US"},{"@type":"Organization","@id":"https:\/\/www.vin.bg.ac.rs\/webiopatr\/2023\/#organization","name":"WEBIOPATR 2023, Vinca Institute of Nuclear Sciences","alternateName":"NILU, ENEA","url":"https:\/\/www.vin.bg.ac.rs\/webiopatr\/2023\/","logo":{"@type":"ImageObject","inLanguage":"en-US","@id":"https:\/\/www.vin.bg.ac.rs\/webiopatr\/2023\/#\/schema\/logo\/image\/","url":"https:\/\/www.vin.bg.ac.rs\/webiopatr\/2023\/wp-content\/uploads\/2023\/09\/cropped-webiopatr.png","contentUrl":"https:\/\/www.vin.bg.ac.rs\/webiopatr\/2023\/wp-content\/uploads\/2023\/09\/cropped-webiopatr.png","width":253,"height":141,"caption":"WEBIOPATR 2023, Vinca Institute of Nuclear Sciences"},"image":{"@id":"https:\/\/www.vin.bg.ac.rs\/webiopatr\/2023\/#\/schema\/logo\/image\/"}}]}},"_links":{"self":[{"href":"https:\/\/www.vin.bg.ac.rs\/webiopatr\/2023\/wp-json\/wp\/v2\/pages\/222","targetHints":{"allow":["GET"]}}],"collection":[{"href":"https:\/\/www.vin.bg.ac.rs\/webiopatr\/2023\/wp-json\/wp\/v2\/pages"}],"about":[{"href":"https:\/\/www.vin.bg.ac.rs\/webiopatr\/2023\/wp-json\/wp\/v2\/types\/page"}],"author":[{"embeddable":true,"href":"https:\/\/www.vin.bg.ac.rs\/webiopatr\/2023\/wp-json\/wp\/v2\/users\/1"}],"replies":[{"embeddable":true,"href":"https:\/\/www.vin.bg.ac.rs\/webiopatr\/2023\/wp-json\/wp\/v2\/comments?post=222"}],"version-history":[{"count":13,"href":"https:\/\/www.vin.bg.ac.rs\/webiopatr\/2023\/wp-json\/wp\/v2\/pages\/222\/revisions"}],"predecessor-version":[{"id":669,"href":"https:\/\/www.vin.bg.ac.rs\/webiopatr\/2023\/wp-json\/wp\/v2\/pages\/222\/revisions\/669"}],"wp:attachment":[{"href":"https:\/\/www.vin.bg.ac.rs\/webiopatr\/2023\/wp-json\/wp\/v2\/media?parent=222"}],"curies":[{"name":"wp","href":"https:\/\/api.w.org\/{rel}","templated":true}]}}